{"id":84,"date":"2014-05-07T07:19:37","date_gmt":"2014-05-07T05:19:37","guid":{"rendered":"http:\/\/pulzradio.ku.sk\/?page_id=84"},"modified":"2020-01-06T00:08:48","modified_gmt":"2020-01-05T22:08:48","slug":"chat","status":"publish","type":"page","link":"https:\/\/pulzradio.ku.sk\/?page_id=84","title":{"rendered":"Chat"},"content":{"rendered":"<h3 style=\"color: #505050; text-align: center;\"><strong>UPOZORNENIE<\/strong><\/h3>\n<h4 style=\"color: #505050;\"><span style=\"color: #000000;\"><strong>Pulz r\u00e1dio si vyhradzuje pr\u00e1vo maza\u0165 koment\u00e1re, ktor\u00fdch obsah bude v rozpore so v\u0161eobecne uzn\u00e1van\u00fdmi etick\u00fdmi a mor\u00e1lnymi pravidlami spolo\u010dnosti, poru\u0161oval by platn\u00e9 z\u00e1kony Slovenskej republiky a nere\u0161pektoval ducha Katol\u00edckej univerzity.<\/strong><\/span><\/h4>\n<h5 style=\"color: #505050;\">Zanechajte n\u00e1m svoj postreh, n\u00e1zor, pr\u00edbeh \u00a0vo forme spr\u00e1vy na chate.<br \/>\nKontakt do \u0161t\u00fadia:\u00a0+421 948 176 053<\/h5>\n<p><iframe loading=\"lazy\" src=\"http:\/\/miniaplikace.blueboard.cz\/shoutboard.php?hid=vk03apvt0fd8dkj336hxix89f757nt\" width=\"870\" height=\"400\" frameborder=\"0\" scrolling=\"no\"><br \/>\n<a href=\"http:\/\/miniaplikace.blueboard.cz\/shoutboard.php?hid=vk03apvt0fd8dkj336hxix89f757nt\">ShoutBoard od BlueBoard.cz<\/a><br \/>\n<\/iframe><\/p>\n<p>&nbsp;<\/p>\n<p>&nbsp;<\/p>\n","protected":false},"excerpt":{"rendered":"UPOZORNENIE Pulz r\u00e1dio si vyhradzuje pr\u00e1vo maza\u0165 koment\u00e1re, ktor\u00fdch obsah bude v rozpore so v\u0161eobecne uzn\u00e1van\u00fdmi etick\u00fdmi a mor\u00e1lnymi pravidlami spolo\u010dnosti, poru\u0161oval by platn\u00e9 z\u00e1kony Slovenskej republiky a nere\u0161pektoval ducha Katol\u00edckej univerzity. Zanechajte n\u00e1m svoj postreh, n\u00e1zor, pr\u00edbeh \u00a0vo forme spr\u00e1vy na chate. Kontakt do \u0161t\u00fadia:\u00a0+421 948 176 053 ShoutBoard od BlueBoard.cz &nbsp; &nbsp;","protected":false},"author":1,"featured_media":510,"parent":0,"menu_order":0,"comment_status":"open","ping_status":"open","template":"","meta":{"_acf_changed":false,"footnotes":""},"class_list":["post-84","page","type-page","status-publish","has-post-thumbnail","hentry"],"acf":[],"_links":{"self":[{"href":"https:\/\/pulzradio.ku.sk\/index.php?rest_route=\/wp\/v2\/pages\/84","targetHints":{"allow":["GET"]}}],"collection":[{"href":"https:\/\/pulzradio.ku.sk\/index.php?rest_route=\/wp\/v2\/pages"}],"about":[{"href":"https:\/\/pulzradio.ku.sk\/index.php?rest_route=\/wp\/v2\/types\/page"}],"author":[{"embeddable":true,"href":"https:\/\/pulzradio.ku.sk\/index.php?rest_route=\/wp\/v2\/users\/1"}],"replies":[{"embeddable":true,"href":"https:\/\/pulzradio.ku.sk\/index.php?rest_route=%2Fwp%2Fv2%2Fcomments&post=84"}],"version-history":[{"count":20,"href":"https:\/\/pulzradio.ku.sk\/index.php?rest_route=\/wp\/v2\/pages\/84\/revisions"}],"predecessor-version":[{"id":1085,"href":"https:\/\/pulzradio.ku.sk\/index.php?rest_route=\/wp\/v2\/pages\/84\/revisions\/1085"}],"wp:featuredmedia":[{"embeddable":true,"href":"https:\/\/pulzradio.ku.sk\/index.php?rest_route=\/wp\/v2\/media\/510"}],"wp:attachment":[{"href":"https:\/\/pulzradio.ku.sk\/index.php?rest_route=%2Fwp%2Fv2%2Fmedia&parent=84"}],"curies":[{"name":"wp","href":"https:\/\/api.w.org\/{rel}","templated":true}]}}