{"id":65,"date":"2014-05-04T21:01:29","date_gmt":"2014-05-04T19:01:29","guid":{"rendered":"http:\/\/pulzradio.ku.sk\/?page_id=65"},"modified":"2015-05-18T20:59:41","modified_gmt":"2015-05-18T18:59:41","slug":"galeria","status":"publish","type":"page","link":"https:\/\/pulzradio.ku.sk\/?page_id=65","title":{"rendered":"Gal\u00e9ria"},"content":{"rendered":"<p>&nbsp;<\/p>\n<div id=\"attachment_713\" style=\"width: 260px\" class=\"wp-caption alignleft\"><a href=\" https:\/\/pulzradio.ku.sk\/po-semestrova-opekacka\"><img loading=\"lazy\" decoding=\"async\" aria-describedby=\"caption-attachment-713\" class=\"wp-image-713 size-thumbnail\" src=\"https:\/\/pulzradio.ku.sk\/wp-content\/uploads\/2015\/05\/IMG_2242-250x250.jpg\" alt=\"\" width=\"250\" height=\"250\" data-id=\"713\" srcset=\"https:\/\/pulzradio.ku.sk\/wp-content\/uploads\/2015\/05\/IMG_2242-250x250.jpg 250w, https:\/\/pulzradio.ku.sk\/wp-content\/uploads\/2015\/05\/IMG_2242-150x150.jpg 150w\" sizes=\"auto, (max-width: 250px) 100vw, 250px\" \/><\/a><p id=\"caption-attachment-713\" class=\"wp-caption-text\">Po-semestrov\u00e1 opek\u00e1\u010dka Pulz r\u00e1dia<\/p><\/div>\n<div id=\"attachment_664\" style=\"width: 260px\" class=\"wp-caption alignleft\"><a href=\"https:\/\/pulzradio.ku.sk\/galeria\/radiorallye-2015\"><img loading=\"lazy\" decoding=\"async\" aria-describedby=\"caption-attachment-664\" class=\"wp-image-664 size-medium\" src=\"https:\/\/pulzradio.ku.sk\/wp-content\/uploads\/2014\/05\/11131797_977590135584869_220206931_n-250x250.jpg\" alt=\"\" width=\"250\" height=\"250\" data-id=\"430\" srcset=\"https:\/\/pulzradio.ku.sk\/wp-content\/uploads\/2014\/05\/11131797_977590135584869_220206931_n-250x250.jpg 250w, https:\/\/pulzradio.ku.sk\/wp-content\/uploads\/2014\/05\/11131797_977590135584869_220206931_n-700x700.jpg 700w, https:\/\/pulzradio.ku.sk\/wp-content\/uploads\/2014\/05\/11131797_977590135584869_220206931_n-150x150.jpg 150w, https:\/\/pulzradio.ku.sk\/wp-content\/uploads\/2014\/05\/11131797_977590135584869_220206931_n.jpg 960w\" sizes=\"auto, (max-width: 250px) 100vw, 250px\" \/><\/a><p id=\"caption-attachment-664\" class=\"wp-caption-text\">R\u00e1diorallye 2015<\/p><\/div>\n<div id=\"attachment_430\" style=\"width: 260px\" class=\"wp-caption alignleft\"><a href=\"https:\/\/pulzradio.ku.sk\/?page_id=439\"><img loading=\"lazy\" decoding=\"async\" aria-describedby=\"caption-attachment-430\" class=\"wp-image-430 size-thumbnail\" src=\"https:\/\/pulzradio.ku.sk\/wp-content\/uploads\/2014\/05\/radikal_14-250x250.jpg\" alt=\"radikal_14\" width=\"250\" height=\"250\" data-id=\"430\" \/><\/a><p id=\"caption-attachment-430\" class=\"wp-caption-text\">Radikal hos\u0165om Pulz R\u00e1dia<\/p><\/div>\n<div id=\"attachment_284\" style=\"width: 260px\" class=\"wp-caption alignleft\"><a href=\"https:\/\/pulzradio.ku.sk\/?page_id=311 \"><img loading=\"lazy\" decoding=\"async\" aria-describedby=\"caption-attachment-284\" class=\"wp-image-284 size-thumbnail\" src=\"https:\/\/pulzradio.ku.sk\/wp-content\/uploads\/2014\/07\/plagat_konkurz-250x250.jpg\" alt=\"Konkurz 2014\/2015\" width=\"250\" height=\"250\" data-id=\"284\" \/><\/a><p id=\"caption-attachment-284\" class=\"wp-caption-text\">Konkurz 2014\/2015<\/p><\/div>\n<div id=\"attachment_62\" style=\"width: 260px\" class=\"wp-caption alignleft\"><a href=\"https:\/\/pulzradio.ku.sk\/?page_id=63\"><img loading=\"lazy\" decoding=\"async\" aria-describedby=\"caption-attachment-62\" class=\"wp-image-62 size-thumbnail\" src=\"https:\/\/pulzradio.ku.sk\/wp-content\/uploads\/2014\/05\/pulz-250x250.jpg\" alt=\"Foto z RR 2014\" width=\"250\" height=\"250\" \/><\/a><p id=\"caption-attachment-62\" class=\"wp-caption-text\">Foto z RR 2014<\/p><\/div>\n<div id=\"attachment_213\" style=\"width: 260px\" class=\"wp-caption alignleft\"><a href=\"https:\/\/pulzradio.ku.sk\/?page_id=175\"><img loading=\"lazy\" decoding=\"async\" aria-describedby=\"caption-attachment-213\" class=\"wp-image-213 size-thumbnail\" src=\"https:\/\/pulzradio.ku.sk\/wp-content\/uploads\/2014\/06\/121-250x250.jpg\" alt=\"121\" width=\"250\" height=\"250\" \/><\/a><p id=\"caption-attachment-213\" class=\"wp-caption-text\">Z arch\u00edvu<\/p><\/div>\n<p>&nbsp;<\/p>\n<p>&nbsp;<\/p>\n<p>&nbsp;<\/p>\n<p>&nbsp;<\/p>\n","protected":false},"excerpt":{"rendered":"&nbsp; &nbsp; &nbsp; &nbsp; &nbsp;","protected":false},"author":1,"featured_media":0,"parent":0,"menu_order":0,"comment_status":"open","ping_status":"open","template":"","meta":{"_acf_changed":false,"footnotes":""},"class_list":["post-65","page","type-page","status-publish","hentry"],"acf":[],"_links":{"self":[{"href":"https:\/\/pulzradio.ku.sk\/index.php?rest_route=\/wp\/v2\/pages\/65","targetHints":{"allow":["GET"]}}],"collection":[{"href":"https:\/\/pulzradio.ku.sk\/index.php?rest_route=\/wp\/v2\/pages"}],"about":[{"href":"https:\/\/pulzradio.ku.sk\/index.php?rest_route=\/wp\/v2\/types\/page"}],"author":[{"embeddable":true,"href":"https:\/\/pulzradio.ku.sk\/index.php?rest_route=\/wp\/v2\/users\/1"}],"replies":[{"embeddable":true,"href":"https:\/\/pulzradio.ku.sk\/index.php?rest_route=%2Fwp%2Fv2%2Fcomments&post=65"}],"version-history":[{"count":10,"href":"https:\/\/pulzradio.ku.sk\/index.php?rest_route=\/wp\/v2\/pages\/65\/revisions"}],"predecessor-version":[{"id":718,"href":"https:\/\/pulzradio.ku.sk\/index.php?rest_route=\/wp\/v2\/pages\/65\/revisions\/718"}],"wp:attachment":[{"href":"https:\/\/pulzradio.ku.sk\/index.php?rest_route=%2Fwp%2Fv2%2Fmedia&parent=65"}],"curies":[{"name":"wp","href":"https:\/\/api.w.org\/{rel}","templated":true}]}}