{"id":311,"date":"2014-09-30T14:36:56","date_gmt":"2014-09-30T12:36:56","guid":{"rendered":"http:\/\/pulzradio.ku.sk\/?page_id=311"},"modified":"2014-12-09T18:05:30","modified_gmt":"2014-12-09T16:05:30","slug":"konkurz-20142015","status":"publish","type":"page","link":"https:\/\/pulzradio.ku.sk\/?page_id=311","title":{"rendered":"Konkurz 2014\/2015"},"content":{"rendered":"<p>30. septembra 2014 sa uskuto\u010dnil konkurz do n\u00e1\u0161ho r\u00e1dia.<\/p>\n\n\t\t<style type=\"text\/css\">\n\t\t\t#gallery-1 {\n\t\t\t\tmargin: auto;\n\t\t\t}\n\t\t\t#gallery-1 .gallery-item {\n\t\t\t\tfloat: left;\n\t\t\t\tmargin-top: 10px;\n\t\t\t\ttext-align: center;\n\t\t\t\twidth: 33%;\n\t\t\t}\n\t\t\t#gallery-1 img {\n\t\t\t\tborder: 2px solid #cfcfcf;\n\t\t\t}\n\t\t\t#gallery-1 .gallery-caption {\n\t\t\t\tmargin-left: 0;\n\t\t\t}\n\t\t\t\/* see gallery_shortcode() in wp-includes\/media.php *\/\n\t\t<\/style>\n\t\t<div id='gallery-1' class='gallery galleryid-311 gallery-columns-3 gallery-size-thumbnail'><dl class='gallery-item'>\n\t\t\t<dt class='gallery-icon landscape'>\n\t\t\t\t<a href='https:\/\/pulzradio.ku.sk\/wp-content\/uploads\/2014\/05\/DSC_0046.jpg' rel=\"lightbox[311]\"><img loading=\"lazy\" decoding=\"async\" width=\"250\" height=\"250\" src=\"https:\/\/pulzradio.ku.sk\/wp-content\/uploads\/2014\/05\/DSC_0046-250x250.jpg\" class=\"attachment-thumbnail size-thumbnail\" alt=\"\" \/><\/a>\n\t\t\t<\/dt><\/dl><dl class='gallery-item'>\n\t\t\t<dt class='gallery-icon landscape'>\n\t\t\t\t<a href='https:\/\/pulzradio.ku.sk\/wp-content\/uploads\/2014\/05\/DSC_0038.jpg' rel=\"lightbox[311]\"><img loading=\"lazy\" decoding=\"async\" width=\"250\" height=\"250\" src=\"https:\/\/pulzradio.ku.sk\/wp-content\/uploads\/2014\/05\/DSC_0038-250x250.jpg\" class=\"attachment-thumbnail size-thumbnail\" alt=\"\" \/><\/a>\n\t\t\t<\/dt><\/dl><dl class='gallery-item'>\n\t\t\t<dt class='gallery-icon landscape'>\n\t\t\t\t<a href='https:\/\/pulzradio.ku.sk\/wp-content\/uploads\/2014\/05\/DSC_00361.jpg' rel=\"lightbox[311]\"><img loading=\"lazy\" decoding=\"async\" width=\"250\" height=\"250\" src=\"https:\/\/pulzradio.ku.sk\/wp-content\/uploads\/2014\/05\/DSC_00361-250x250.jpg\" class=\"attachment-thumbnail size-thumbnail\" alt=\"\" \/><\/a>\n\t\t\t<\/dt><\/dl><br style=\"clear: both\" \/><dl class='gallery-item'>\n\t\t\t<dt class='gallery-icon landscape'>\n\t\t\t\t<a href='https:\/\/pulzradio.ku.sk\/wp-content\/uploads\/2014\/05\/DSC_0033.jpg' rel=\"lightbox[311]\"><img loading=\"lazy\" decoding=\"async\" width=\"250\" height=\"250\" src=\"https:\/\/pulzradio.ku.sk\/wp-content\/uploads\/2014\/05\/DSC_0033-250x250.jpg\" class=\"attachment-thumbnail size-thumbnail\" alt=\"\" \/><\/a>\n\t\t\t<\/dt><\/dl><dl class='gallery-item'>\n\t\t\t<dt class='gallery-icon landscape'>\n\t\t\t\t<a href='https:\/\/pulzradio.ku.sk\/wp-content\/uploads\/2014\/05\/DSC_0031.jpg' rel=\"lightbox[311]\"><img loading=\"lazy\" decoding=\"async\" width=\"250\" height=\"250\" src=\"https:\/\/pulzradio.ku.sk\/wp-content\/uploads\/2014\/05\/DSC_0031-250x250.jpg\" class=\"attachment-thumbnail size-thumbnail\" alt=\"\" \/><\/a>\n\t\t\t<\/dt><\/dl><dl class='gallery-item'>\n\t\t\t<dt class='gallery-icon landscape'>\n\t\t\t\t<a href='https:\/\/pulzradio.ku.sk\/wp-content\/uploads\/2014\/05\/DSC_0029.jpg' rel=\"lightbox[311]\"><img loading=\"lazy\" decoding=\"async\" width=\"250\" height=\"250\" src=\"https:\/\/pulzradio.ku.sk\/wp-content\/uploads\/2014\/05\/DSC_0029-250x250.jpg\" class=\"attachment-thumbnail size-thumbnail\" alt=\"\" \/><\/a>\n\t\t\t<\/dt><\/dl><br style=\"clear: both\" \/><dl class='gallery-item'>\n\t\t\t<dt class='gallery-icon landscape'>\n\t\t\t\t<a href='https:\/\/pulzradio.ku.sk\/wp-content\/uploads\/2014\/05\/DSC_0024.jpg' rel=\"lightbox[311]\"><img loading=\"lazy\" decoding=\"async\" width=\"250\" height=\"250\" src=\"https:\/\/pulzradio.ku.sk\/wp-content\/uploads\/2014\/05\/DSC_0024-250x250.jpg\" class=\"attachment-thumbnail size-thumbnail\" alt=\"\" \/><\/a>\n\t\t\t<\/dt><\/dl><dl class='gallery-item'>\n\t\t\t<dt class='gallery-icon landscape'>\n\t\t\t\t<a href='https:\/\/pulzradio.ku.sk\/wp-content\/uploads\/2014\/05\/DSC_0020.jpg' rel=\"lightbox[311]\"><img loading=\"lazy\" decoding=\"async\" width=\"250\" height=\"250\" src=\"https:\/\/pulzradio.ku.sk\/wp-content\/uploads\/2014\/05\/DSC_0020-250x250.jpg\" class=\"attachment-thumbnail size-thumbnail\" alt=\"\" \/><\/a>\n\t\t\t<\/dt><\/dl><dl class='gallery-item'>\n\t\t\t<dt class='gallery-icon portrait'>\n\t\t\t\t<a href='https:\/\/pulzradio.ku.sk\/wp-content\/uploads\/2014\/05\/DSC_0017.jpg' rel=\"lightbox[311]\"><img loading=\"lazy\" decoding=\"async\" width=\"250\" height=\"250\" src=\"https:\/\/pulzradio.ku.sk\/wp-content\/uploads\/2014\/05\/DSC_0017-250x250.jpg\" class=\"attachment-thumbnail size-thumbnail\" alt=\"\" \/><\/a>\n\t\t\t<\/dt><\/dl><br style=\"clear: both\" \/><dl class='gallery-item'>\n\t\t\t<dt class='gallery-icon landscape'>\n\t\t\t\t<a href='https:\/\/pulzradio.ku.sk\/wp-content\/uploads\/2014\/05\/DSC_0014.jpg' rel=\"lightbox[311]\"><img loading=\"lazy\" decoding=\"async\" width=\"250\" height=\"250\" src=\"https:\/\/pulzradio.ku.sk\/wp-content\/uploads\/2014\/05\/DSC_0014-250x250.jpg\" class=\"attachment-thumbnail size-thumbnail\" alt=\"\" \/><\/a>\n\t\t\t<\/dt><\/dl><dl class='gallery-item'>\n\t\t\t<dt class='gallery-icon landscape'>\n\t\t\t\t<a href='https:\/\/pulzradio.ku.sk\/wp-content\/uploads\/2014\/05\/DSC_0003.jpg' rel=\"lightbox[311]\"><img loading=\"lazy\" decoding=\"async\" width=\"250\" height=\"250\" src=\"https:\/\/pulzradio.ku.sk\/wp-content\/uploads\/2014\/05\/DSC_0003-250x250.jpg\" class=\"attachment-thumbnail size-thumbnail\" alt=\"\" \/><\/a>\n\t\t\t<\/dt><\/dl><dl class='gallery-item'>\n\t\t\t<dt class='gallery-icon landscape'>\n\t\t\t\t<a href='https:\/\/pulzradio.ku.sk\/wp-content\/uploads\/2014\/05\/DSC_0006.jpg' rel=\"lightbox[311]\"><img loading=\"lazy\" decoding=\"async\" width=\"250\" height=\"250\" src=\"https:\/\/pulzradio.ku.sk\/wp-content\/uploads\/2014\/05\/DSC_0006-250x250.jpg\" class=\"attachment-thumbnail size-thumbnail\" alt=\"\" \/><\/a>\n\t\t\t<\/dt><\/dl><br style=\"clear: both\" \/><dl class='gallery-item'>\n\t\t\t<dt class='gallery-icon landscape'>\n\t\t\t\t<a href='https:\/\/pulzradio.ku.sk\/wp-content\/uploads\/2014\/05\/DSC_0013.jpg' rel=\"lightbox[311]\"><img loading=\"lazy\" decoding=\"async\" width=\"250\" height=\"250\" src=\"https:\/\/pulzradio.ku.sk\/wp-content\/uploads\/2014\/05\/DSC_0013-250x250.jpg\" class=\"attachment-thumbnail size-thumbnail\" alt=\"\" \/><\/a>\n\t\t\t<\/dt><\/dl><dl class='gallery-item'>\n\t\t\t<dt class='gallery-icon landscape'>\n\t\t\t\t<a href='https:\/\/pulzradio.ku.sk\/wp-content\/uploads\/2014\/05\/DSC_00141.jpg' rel=\"lightbox[311]\"><img loading=\"lazy\" decoding=\"async\" width=\"250\" height=\"250\" src=\"https:\/\/pulzradio.ku.sk\/wp-content\/uploads\/2014\/05\/DSC_00141-250x250.jpg\" class=\"attachment-thumbnail size-thumbnail\" alt=\"\" \/><\/a>\n\t\t\t<\/dt><\/dl>\n\t\t\t<br style='clear: both' \/>\n\t\t<\/div>\n\n","protected":false},"excerpt":{"rendered":"30. septembra 2014 sa uskuto\u010dnil konkurz do n\u00e1\u0161ho r\u00e1dia.","protected":false},"author":1,"featured_media":0,"parent":65,"menu_order":0,"comment_status":"closed","ping_status":"open","template":"","meta":{"_acf_changed":false,"footnotes":""},"class_list":["post-311","page","type-page","status-publish","hentry"],"acf":[],"_links":{"self":[{"href":"https:\/\/pulzradio.ku.sk\/index.php?rest_route=\/wp\/v2\/pages\/311","targetHints":{"allow":["GET"]}}],"collection":[{"href":"https:\/\/pulzradio.ku.sk\/index.php?rest_route=\/wp\/v2\/pages"}],"about":[{"href":"https:\/\/pulzradio.ku.sk\/index.php?rest_route=\/wp\/v2\/types\/page"}],"author":[{"embeddable":true,"href":"https:\/\/pulzradio.ku.sk\/index.php?rest_route=\/wp\/v2\/users\/1"}],"replies":[{"embeddable":true,"href":"https:\/\/pulzradio.ku.sk\/index.php?rest_route=%2Fwp%2Fv2%2Fcomments&post=311"}],"version-history":[{"count":5,"href":"https:\/\/pulzradio.ku.sk\/index.php?rest_route=\/wp\/v2\/pages\/311\/revisions"}],"predecessor-version":[{"id":419,"href":"https:\/\/pulzradio.ku.sk\/index.php?rest_route=\/wp\/v2\/pages\/311\/revisions\/419"}],"up":[{"embeddable":true,"href":"https:\/\/pulzradio.ku.sk\/index.php?rest_route=\/wp\/v2\/pages\/65"}],"wp:attachment":[{"href":"https:\/\/pulzradio.ku.sk\/index.php?rest_route=%2Fwp%2Fv2%2Fmedia&parent=311"}],"curies":[{"name":"wp","href":"https:\/\/api.w.org\/{rel}","templated":true}]}}